{"id":11502,"date":"2019-03-21T15:20:48","date_gmt":"2019-03-21T20:20:48","guid":{"rendered":"https:\/\/colmabrija.edu.co\/web\/?page_id=11502"},"modified":"2019-07-03T10:24:35","modified_gmt":"2019-07-03T15:24:35","slug":"nuestro-colegio","status":"publish","type":"page","link":"https:\/\/colmabrija.edu.co\/web\/nuestro-colegio\/","title":{"rendered":"Nuestro Colegio"},"content":{"rendered":"<div class=\"wpb-content-wrapper\"><p>[vc_row][vc_column]<div class=\"thim-widget-heading template-base\"><div class=\"sc_heading  text-center\"><h3 style=\"font-size:35px;font-weight:600;\" class=\"title\">Informaci\u00f3n <strong>Institucional<\/strong><\/h3><\/div><\/div>[\/vc_column][\/vc_row][vc_row css=\u00bb.vc_custom_1559531433775{margin-bottom: 15px !important;}\u00bb][vc_column width=\u00bb5\/12&#8243; css=\u00bb.vc_custom_1553219212365{margin-bottom: 30px !important;}\u00bb][vc_column_text]<\/p>\n<h3 class=\"thim-text-title\">Misi\u00f3n<\/h3>\n<p>El Instituto T\u00e9cnico Padre Manuel Brice\u00f1o J\u00e1uregui Fe Y Alegr\u00eda forma j\u00f3venes con valores morales, sociales, c\u00edvicos, y culturales que los compromete como ciudadanos responsables, \u00fatiles a la sociedad y a la patria; capacit\u00e1ndolos en educaci\u00f3n media t\u00e9cnica para que se proyecten a un futuro productivo que mejore su calidad de vida y la de su comunidad.[\/vc_column_text][\/vc_column][vc_column width=\u00bb7\/12&#8243; css=\u00bb.vc_custom_1553219224890{margin-bottom: 30px !important;}\u00bb][vc_column_text]<\/p>\n<h3 class=\"thim-text-title\">Visi\u00f3n<\/h3>\n<p>En el a\u00f1o 2020 el Instituto T\u00e9cnico Padre Manuel Brice\u00f1o J\u00e1uregui Fe Y Alegr\u00eda ser\u00e1 una Instituci\u00f3n comprometida con la transformaci\u00f3n social, basada en valores cristianos, de justicia, participaci\u00f3n y lealtad, mediante procesos educativos integrales de calidad, dirigidos a la poblaci\u00f3n estudiantil de los sectores populares de la ciudadela de Juan Atalaya.[\/vc_column_text][\/vc_column][vc_column][vc_column_text]<\/p>\n<h3 class=\"thim-text-title\">RESE\u00d1A HIST\u00d3RICA<\/h3>\n<p>El Instituto T\u00e9cnico Padre Manuel Brice\u00f1o Jauregui \u2013 Fe y Alegr\u00eda se encuentra ubicado en la Ciudadela de Juan Atalaya en la avenida 21 # 2-100 de la comunidad del Barrio C\u00facuta 75 en lote que alcanza una extensi\u00f3n de 13.7776 metros cuadrados; cedidos en comodato para la construcci\u00f3n de la Instituci\u00f3n Educativa por la Alcald\u00eda de San Jos\u00e9 de C\u00facuta por un plazo de 100 a\u00f1os a trav\u00e9s de las escrituras # 506 y 2485 suscritas en la notar\u00eda quinta, actuando en representaci\u00f3n del municipio el Dr. Jairo Slebi Medina quien para la \u00e9poca oficiaba como Alcalde de la ciudad.El Instituto Padre Manuel Brice\u00f1o Jareugi F\u00e9 y Alegr\u00eda se cre\u00f3 por ordenanza No. 008 del 2 de mayo de 1994 emanada de la Asamblea Departamental.<\/p>\n<p>La denominaci\u00f3n de la Instituci\u00f3n Educativa es un homenaje a uno de los grandes valores de nuestro departamento el padre Manuel Brice\u00f1o Jauregui ilustre humanista que descoll\u00f3 con su vida y obra convirti\u00e9ndose en uno delos hombres m\u00e1s valiosos de nuestro pa\u00eds; ya que su obra em\u00e9rita lo coloca como profesor universitario en numerosos pa\u00edses del mundo, miembro de la Real Academia de la Lengua, miembro de n\u00famero y presidente de la Academia de Historia Eclesi\u00e1stica de Colombia, miembro de n\u00famero de las Academias de Historia y de la Lengua de Colombia, miembro correspondiente de las academias de Historia de Honduras y de Venezuela, del Estado Falc\u00f3n de Venezuela, de la Academia de Historia de Norte de Santander y de la Classical Association de Londr\u00e9s.<\/p>\n<p>Condecorado en Venezuela con la Orden Andr\u00e9s Bello (primera clase) en Venezuela.<\/p>\n<p>Autor de 27 libros sobre temas cl\u00e1sicos, entre ellos El Genio Literario Griego 3 vol\u00famenes, Tres Bimilenarios cl\u00e1sicos: T\u00e9bulo, Virgilio y Propercio, Humanismo Cl\u00e1sico (Ensayo)\u00a0<strong>Estampas Pueblerinas<\/strong>\u00a0un pu\u00f1ado de romances cl\u00e1sicos en verso para exaltar la vida elemental de nuestras aldeas y poblados.<\/p>\n<p>Su obra human\u00edstica y literaria se vio publicada en prestigiosas revistas especializadas como: Thesaurus del Instituto Caro y Cuervo, Paramillo de San Crist\u00f3bal Venezuela, Montalban de la U. Cat\u00f3lica Andr\u00e9s Bello, Universitas Human\u00edsticas y Jur\u00eddica, Bolet\u00edn de la Academia colombiana de la lengua y Bolet\u00edn Cultural y Bibliogr\u00e1fico de la biblioteca Luis Angel Araujo del Banco de la Rep\u00fablica.<\/p>\n<p>Mediante convenio mutual entre la Alcald\u00eda de C\u00facuta y El movimiento popular para la Educaci\u00f3n F\u00e9 y Alegr\u00eda se procedi\u00f3 a la construcci\u00f3n de la planta f\u00edsica en el lugar asignado y con la vinculaci\u00f3n de aportes internacionales de la Fundaci\u00f3n Manos Unidas de Espa\u00f1a.<\/p>\n<p>El aporte de la comunidad Fe y Alegr\u00eda fundado por el sacerdote Jesuita Jos\u00e9 Mar\u00eda Velaz en Am\u00e9rica Latina propone la filosof\u00eda de la pedagog\u00eda de la inclusi\u00f3n ofreciendo oportunidades de formaci\u00f3n con calidad destacando la identidad y la pertenencia con valores cristianos que formen para la paz y la democracia. Sus argumentos fundamentales es la creaci\u00f3n de una conciencia liberadora que a trav\u00e9s de la evangelizaci\u00f3n forme integralmente un hombre nuevo capaz de reformar las estructuras sociales en el contexto de la justicia y la tolerancia.<\/p>\n<p>La nueva instituci\u00f3n educativa inicia labores el 14 de abril de 1995 bajo la acertada direcci\u00f3n de su primer rector el Magister Ricardo Garc\u00eda Ram\u00edrez. Para desempe\u00f1arse como secretaria de la Instituci\u00f3n se nombra a Virginia Contreras Hern\u00e1ndez.<\/p>\n<p>La primera n\u00f3mina Institucional estuvo conformada por 10 licenciados que iniciaron labores en las jornadas alternas de ma\u00f1ana y tarde. Los pioneros gestores de esta obra fueron: Luis Alvaro Lizarazo, Ruth Esther S\u00e1nchez, Clara Carvajal Cabezas, Gelmy Vanegas, Mery Leonor Salazar, Merly Cecilia Cantillo, Nubia Pinto, Mar\u00eda Eugenia Montero, Rosa Myrian Mendoza y Neimar Gallardo Aporte.<\/p>\n<p>Inicialmente la jornada de la tarde funciona hasta 1998 a\u00f1o en que se su suspende temporalmente.<\/p>\n<p>En el a\u00f1o de 1996 ingresan a la instituci\u00f3n como docentes: Rosaura S\u00e1nchez y Alix Teresa Villamizar.<\/p>\n<p>La instituci\u00f3n contin\u00faa prestando sus servicios y se logra un incremento en el n\u00famero de alumnos matriculados en los cursos que hasta la fecha exist\u00edan.<\/p>\n<p>Para el a\u00f1o de 1997 la n\u00f3mina de docentes se incrementan con nuevos docentes que vienen a prestar sus servicios a la instituci\u00f3n son ellos: Laudith Pic\u00f3n, Daly Esther Guti\u00e9rrez y el presb\u00edtero Germ\u00e1n Parra p\u00e1rroco de San Pio X quien asume labor pastoral en la instituci\u00f3n. Se realizan arreglos locativos para mejorar la atenci\u00f3n del servicio educativo y ante la demanda de nuevos cupos.<\/p>\n<p>Al iniciarse el nuevo a\u00f1o escolar de 1998 la instituci\u00f3n se favorecida con el nombramiento de nuevos profesores: Jorge Jauregui, Miguel N\u00fa\u00f1ez, Susana Toloza, Jes\u00fas Guti\u00e9rrez y Victor Angarita.<\/p>\n<p>El permanente devenir de los tiempos trae consigo procesos de evoluci\u00f3n y el Instituto T\u00e9cnico Padre Manuel Brice\u00f1o Jauregui da apertura al grado 10 raz\u00f3n por la cual la Secretar\u00eda de Educaci\u00f3n realiza el nombramiento de los docentes Naddy Ester Sep\u00falveda y Yaneth Hidalgo.<\/p>\n<p>El comienzo del nuevo siglo se inicia con el nombramiento de nuevo rector Luis Orlando Garc\u00eda y la presencia de nuevos docentes: Jos\u00e9 Bayona, Jos\u00e9 Luis Ortega y Francisco Gamboa, al finalizar el a\u00f1o 2000, 90 j\u00f3venes de ambos sexos se convierten en la primera promoci\u00f3n de bachilleres de la Instituci\u00f3n en la modalidad acad\u00e9mica.<\/p>\n<p>Las nuevas pol\u00edticas del Ministerio crean de manera especial la fusi\u00f3n de Instituciones y el Instituto T\u00e9cnico Padre Manuel Brice\u00f1o Jauregui recibe como sedes alternas la Escuela # 24 y la Escuela Teodoro Guti\u00e9rrez Calder\u00f3n # 38. La nueva instituci\u00f3n educativa recibe como rector Abdoro Sierra y como coordinador a Armando Y\u00e1\u00f1ez.<\/p>\n<p>Iniciando el 2003 asume la rector\u00eda \u00c1lvaro Gonz\u00e1lez y se suman a la n\u00f3mina los docentes Ciro Alfonso P\u00e9rez, Rafael Rubio y Gladys Ortega. Se da apertura al preescolar bajo la direcci\u00f3n de Alix Teresa Villamizar.<\/p>\n<p>En este mismo a\u00f1o se reinician las labores en la jornada de la tarde con la apertura de dos grados sextos.<\/p>\n<p>En el a\u00f1o 2004 se consolida el establecimiento de la b\u00e1sica primaria en las aulas de la Instituci\u00f3n y en la jornada de la tarde.<\/p>\n<p>A partir de este a\u00f1o se consolida la presencia de la jornada de la tarde con los nombramientos de los docentes: Miguel N\u00fa\u00f1ez, Yolanda Rozo, Jes\u00fas C\u00e1rdenas, Nicol\u00e1s Galvis, Belcy Leal, Ram\u00f3n Herrera, Jorge Jauregui, Jes\u00fas Guti\u00e9rrez, Jos\u00e9 \u00c1lvaro Maldonado, Florinda Lagos, Diego Manuel Melo y Erika Xiomara Manosalva.<\/p>\n<p>En el a\u00f1o 2006 la Secretar\u00eda nombra a Marlenny de Gonz\u00e1lez en la Instituci\u00f3n. Al siguiente a\u00f1o el docente Sergio Rosario Estupi\u00f1an es nombrado como docente de la jornada de la tarde.<\/p>\n<p>El a\u00f1o 2008 trae una expectativa con la implementaci\u00f3n de una nueva forma de fusi\u00f3n. El Instituto Manuel Brice\u00f1o Jauregui Fe y Alegr\u00eda se convierte en la sede principal a la cual se anexan las instituciones educativas: Pablo Neruda, Pablo VI y Jaime Garz\u00f3n con las sedes de primaria de cada una.<\/p>\n<p>La determinaci\u00f3n de la comunidad es el rechazo absoluto a la iniciativa y como consecuencia de la determinaci\u00f3n de Secretar\u00eda de Educaci\u00f3n se presentan enfrentamientos entre los alumnos de los centros educativos mencionados.<\/p>\n<p>Las situaciones conflictivas presentadas hicieron que la determinaci\u00f3n de las autoridades educativas fuese denegada.<\/p>\n<p>En el mismo a\u00f1o por iniciativa y financiaci\u00f3n del movimiento popular Fe y Alegr\u00eda, se inicia la construcci\u00f3n de un nuevo bloque de aulas y una unidad sanitaria. Obras que son realizadas y puestas al servicio en el a\u00f1o 2009.<\/p>\n<p>La n\u00f3mina institucional se fortalece con la presencia de nuevo docentes: Nancy \u00c1lvarez, Victoria Quin, Diana Hurtado, Carmen Gamboa, Listary Camargo, Alonso Carrillo y Carlos Vera.<\/p>\n<p>En el a\u00f1o 2009 asume la rector\u00eda del Colegio en calidad de rector encargado Jos\u00e9 Nieves Ram\u00f3n Melo. Se gestiona la construcci\u00f3n de la unidad de Preescolar en la sede 02 Teodoro Guti\u00e9rrez Calder\u00f3n, cuya obra es inaugurada por la alcaldesa de la ciudad Dra. Mar\u00eda Eugenia Riascos Rodriguez en el siguiente a\u00f1o 2010.<\/p>\n<p>El instituto para esta fecha inicia la modalidad t\u00e9cnica en recreaci\u00f3n y turismo. Inicialmente se hizo un tr\u00e1mite de sensibilizaci\u00f3n acerca del programa justificando su inclusi\u00f3n como una manera de implementar habilidades laborales.<\/p>\n<p>En el 2011 se grad\u00faa la primera promoci\u00f3n con un total de 38 alumnos como bachilleres t\u00e9cnicos en Organizaci\u00f3n de eventos tur\u00edsticos, culturales y deportivos para lo cual el SENA los promociona con el Certificado de Aptitud Profesional.<\/p>\n<p>En el a\u00f1o 2012 se grad\u00faa la segunda promoci\u00f3n de 36 alumnos con el mismo t\u00edtulo que la anterior.<\/p>\n<p>En el 2013 la instituci\u00f3n presenta a concurso de Experiencias Significativas la especialidad T\u00e9cnica de Turismo liderada por el rector Pedro Antonio Ure\u00f1a G\u00f3mez, el coordinador Marcos Edimer Pe\u00f1aranda Rivera y Yolanda Rozo y obtiene el primer puesto a nivel de ciudad y tambi\u00e9n logra el 3\u00b0 lugar a nivel nacional frente a otras importantes experiencias del mismo g\u00e9nero.<\/p>\n<p>Ante la acogida a la experiencia el Instituto toma la decisi\u00f3n de ampliar la cobertura para el 2014.<\/p>\n<p>Paralela a la anterior, el Instituto T\u00e9cnico Manuel Brice\u00f1o Jauregui Fe y Alegr\u00eda implement\u00f3 tambi\u00e9n el programa T\u00e9cnico en Educaci\u00f3n F\u00edsica, Recreaci\u00f3n y Deportes en convenio con la Universidad de Pamplona. El convenio fue avalada por Coldeportes y el IMRD junto con las ligas deportivas que funcionan en el Departamento.<\/p>\n<p>El proyecto fue reconocido por la Secretar\u00eda de Educaci\u00f3n y logr\u00f3 graduar 30 bachilleres en la especialidad.<\/p>\n<p>El proyecto fue liderado por Carlos Jos\u00e9 Vera Albarrac\u00edn no tuvo continuidad debido a la poca acogida de los estudiantes y a las exigencias de car\u00e1cter laboral que exig\u00eda que el alumno no solo fuese bachiller, si no t\u00e9cnico profesional.<\/p>\n<p>Contando con los requerimientos legales el Instituto est\u00e1 dispuesto a reabrir la tecnolog\u00eda en el momento indicado.<\/p>\n<p>Retomando el orden cronol\u00f3gico, en el 2010 se integra a la instituci\u00f3n en calidad de rector el Mg. Pedro Antonio Ure\u00f1a G\u00f3mez quien ven\u00eda precedido de una excelente hoja de servicios y el reconocimiento como el mejor docente en el concurso de m\u00e9ritos para rectores convocado por m\u00e9ritos por la Secretar\u00eda de Educaci\u00f3n del Municipio de C\u00facuta; opci\u00f3n que le dio la oportunidad de escoger la instituci\u00f3n educativa de su preferencia.<\/p>\n<p>Tambi\u00e9n fueron incorporados a la instituci\u00f3n los docentes Bel\u00e9n Mar\u00eda Lizarazo y El\u00edas Rinc\u00f3n Su\u00e1rez.<\/p>\n<p>La gesti\u00f3n del rector Pedro Antonio Ure\u00f1a G\u00f3mez se ha caracterizado por la eficiencia y la pulcritud a trav\u00e9s del manejo institucional acertado. Entre los logros m\u00e1s importantes se cuentan:<\/p>\n<p>Mejora de la planta f\u00edsica, dotaci\u00f3n de elementos tecnol\u00f3gicos para el proceso ense\u00f1anza aprendizaje, mejoramiento de la imagen institucional, proyecci\u00f3n de la instituci\u00f3n a la comunidad, presentaci\u00f3n de proyectos ante las autoridades educativas para el mejoramiento y crecimiento de la planta f\u00edsica, aplicaci\u00f3n del plan de mejoramiento de la calidad para la certificaci\u00f3n Fe y Alegr\u00eda, proyecci\u00f3n de planes de mejoramiento en las pruebas externas y vinculaci\u00f3n permanente a la capacitaci\u00f3n de docentes en diferentes programas.<\/p>\n<p>En el a\u00f1o 2013 se graduaron 114 estudiantes con la modalidad T\u00e9cnica en Turismo y las especialidades que ofrece al CASD.<\/p>\n<p>En este a\u00f1o 2013 se hace una refacci\u00f3n total de la planta f\u00edsica con recursos del orden nacional a trav\u00e9s de la Unidad Nacional de Gesti\u00f3n del Riesgo y prevenci\u00f3n de desastres UNGRD, cuyo director el Dr. Iv\u00e1n M\u00e1rquez, incluy\u00f3 por gesti\u00f3n del Sr. Alcalde de C\u00facuta Dr. Donamaris Ram\u00edrez Paris Lobo, la instituci\u00f3n que recibi\u00f3 arreglos y dotaci\u00f3n de pupitres, por el orden de los 400 millones de pesos. Igualmente la sede 02 Teodoro Gutierrez Calder\u00f3n en sometida a arreglos, demoliendo los antiguos salones y construyendo cinco nuevos con dotaci\u00f3n de pupitres. En el mes de diciembre fue inaugurado el restaurante escolar construido por la administraci\u00f3n municipal, bajo iniciativa de la Secretar\u00eda de Bienestar Social.<\/p>\n<p>Hasta la fecha la instituci\u00f3n ha egresado cerca de 1200 j\u00f3venes de los cuales un buen n\u00famero ha egresado como profesionales en las diferentes universidades de la regi\u00f3n en pregrados de derecho, administraci\u00f3n de empresas, econ\u00f3mica, psicolog\u00eda, trabajo social, educaci\u00f3n, medicina, fisioterapia, enfermer\u00eda, instrumentaci\u00f3n quir\u00fargica, terapia ocupacional y comunicaci\u00f3n social.<\/p>\n<p>Otro sector de la poblaci\u00f3n egresada obtuvo t\u00edtulos de t\u00e9cnicos del SENA y de otras instituciones del mismo rango.<\/p>\n<p>Tambi\u00e9n es significativa la presencia de exalumnos en instituciones como la Polic\u00eda Nacional, El Ej\u00e9rcito, La Marina y la Aviaci\u00f3n.<\/p>\n<p>Los que no alcanzaron formaci\u00f3n profesional o t\u00e9cnica se desempe\u00f1an como comerciantes, empleados o manejan sus propias microempresas.<\/p>\n<p>La proyecci\u00f3n del colegio se fundamenta en el mejoramiento permanente, y la apertura a la comunidad.<\/p>\n<p>Actualmente la planta de personal est\u00e1 compuesta por un rector, tres coordinadores, 53 docentes, una orientadora, dos auxiliares administrativos (uno con funciones de pagador y otro con funciones de secretaria auxiliar) y un celador.<\/p>\n<p>La planta de directivos docentes para 2013 la forman:<\/p>\n<p>Rector Pedro Antonio Ure\u00f1a G\u00f3mez<\/p>\n<p>Coordinadores Jos\u00e9 Nieves Ram\u00f3n Melo en la jornada de la ma\u00f1ana, Marcos Edimer Pe\u00f1aranda Rivera en la jornada de la tarde y Jorge D\u00edaz Rond\u00f3n en la sede 02 Teodoro Guti\u00e9rrez Calder\u00f3n.[\/vc_column_text][\/vc_column][\/vc_row][vc_row][vc_column]<div class=\"thim-widget-heading template-base\"><div class=\"sc_heading  text-center\"><h3 class=\"title\">S\u00cdMBOLOS <strong> INSTITUCIONALES<\/strong><\/h3><\/div><\/div>[\/vc_column][\/vc_row][vc_row][vc_column width=\u00bb1\/2&#8243;][vc_column_text]<\/p>\n<h3 class=\"thim-text-title\">BANDERA<\/h3>\n<p><img decoding=\"async\" class=\"alignleft\" src=\"https:\/\/colmabrija.edu.co\/web\/wp-content\/uploads\/2019\/07\/identidad-institucional-fe-y-alegra-2014-3-638.png\" \/>La silueta de los tres ni\u00f1os tomados de la mano, con la leyenda Fe y Alegr\u00eda en color blanco, representa el dinamismo, la espiritualidad y la fuerza de la Misi\u00f3n y la Filosof\u00eda del movimiento[\/vc_column_text][\/vc_column][vc_column width=\u00bb1\/2&#8243;][vc_column_text]<\/p>\n<h3 class=\"thim-text-title\">ESCUDO<\/h3>\n<p><img loading=\"lazy\" decoding=\"async\" class=\"alignleft\" src=\"https:\/\/colmabrija.edu.co\/web\/wp-content\/uploads\/2019\/07\/escudo.png\" width=\"258\" height=\"258\" \/>Es un emblema alrededor del cual se escribe el nombre de la instituci\u00f3n en su interior se divide en dos partes: La primera representa el emblema de Fe y Alegr\u00eda simbolizando en el coraz\u00f3n rojo cuyo significado es el amor, virtud fundamental para una educaci\u00f3n basada en el evangelio de de Jesucristo e impartida con el prop\u00f3sito de promover la formaci\u00f3n de mujeres y hombres nuevos. El fondo es blanco, s\u00edmbolo de pureza y pulcritud.[\/vc_column_text][\/vc_column][\/vc_row][vc_row full_width=\u00bbstretch_row_content_no_spaces\u00bb css=\u00bb.vc_custom_1562167472148{background-color: #ffdedf !important;}\u00bb][vc_column][vc_row_inner][vc_column_inner]<div class=\"thim-widget-heading template-base\"><div class=\"sc_heading  text-center\"><h3 class=\"title\"><strong>Himno<\/strong> Institucional<\/h3><span class=\"line\"><\/span><\/div><\/div>[\/vc_column_inner][\/vc_row_inner][vc_row_inner][vc_column_inner width=\u00bb1\/3&#8243;]<div class=\"thim-widget-heading template-base\"><div class=\"sc_heading  text-center\"><h3 class=\"title\">CORO<\/h3><span class=\"line\"><\/span><\/div><\/div>[vc_column_text]<\/p>\n<div style=\"text-align: center;\">Fe que da la alegr\u00eda<br \/>\nFe que da la ilusi\u00f3n<br \/>\nConstruimos unidos<br \/>\nLa esperanza de Dios (bis).<\/div>\n<p>[\/vc_column_text]<div class=\"thim-widget-heading template-base\"><div class=\"sc_heading  text-center\"><h3 class=\"title\">III<\/h3><span class=\"line\"><\/span><\/div><\/div>[vc_column_text]<\/p>\n<div style=\"text-align: center;\">Por Colombia lucharemos<br \/>\nCon af\u00e1n, con ardor<br \/>\nExpresando en la vida<br \/>\nLa exigencia de amor (bis).<\/div>\n<p>[\/vc_column_text][\/vc_column_inner][vc_column_inner width=\u00bb1\/3&#8243;]<div class=\"thim-widget-heading template-base\"><div class=\"sc_heading  text-center\"><h3 class=\"title\">I<\/h3><span class=\"line\"><\/span><\/div><\/div>[vc_column_text]<\/p>\n<div style=\"text-align: center;\">Esperanza que es vida<br \/>\nEs justicia y amor,<br \/>\nNo quedar satisfechos<br \/>\nMientras haya dolor (bis).<\/div>\n<p>[\/vc_column_text]<div class=\"thim-widget-heading template-base\"><div class=\"sc_heading  text-center\"><h3 class=\"title\">IV<\/h3><span class=\"line\"><\/span><\/div><\/div>[vc_column_text]<\/p>\n<div style=\"text-align: center;\">Por Colombia del alma<br \/>\nEsperanza de Dios<br \/>\nSer\u00e1 luz en tu vida<br \/>\nSu mensaje de amor (bis).<\/div>\n<p>[\/vc_column_text][\/vc_column_inner][vc_column_inner width=\u00bb1\/3&#8243;]<div class=\"thim-widget-heading template-base\"><div class=\"sc_heading  text-center\"><h3 class=\"title\">II<\/h3><span class=\"line\"><\/span><\/div><\/div>[vc_column_text]<\/p>\n<div style=\"text-align: center;\">Formaremos un pueblo<br \/>\nDe noble coraz\u00f3n<br \/>\nDonde nuestros hermanos<br \/>\nNo sufran opresi\u00f3n (bis).<\/div>\n<p>[\/vc_column_text][\/vc_column_inner][\/vc_row_inner][\/vc_column][\/vc_row]<\/p>\n<\/div>","protected":false},"excerpt":{"rendered":"<p>[vc_row][vc_column][\/vc_column][\/vc_row][vc_row css=\u00bb.vc_custom_1559531433775{margin-bottom: 15px !important;}\u00bb][vc_column width=\u00bb5\/12&#8243; css=\u00bb.vc_custom_1553219212365{margin-bottom: 30px !important;}\u00bb][vc_column_text] Misi\u00f3n El Instituto T\u00e9cnico Padre Manuel Brice\u00f1o J\u00e1uregui Fe Y Alegr\u00eda forma j\u00f3venes con valores morales, sociales, c\u00edvicos, y culturales que los compromete como ciudadanos responsables, \u00fatiles a la sociedad y a &hellip; <\/p>\n","protected":false},"author":1,"featured_media":0,"parent":0,"menu_order":0,"comment_status":"closed","ping_status":"closed","template":"","meta":{"footnotes":""},"class_list":["post-11502","page","type-page","status-publish","hentry"],"_links":{"self":[{"href":"https:\/\/colmabrija.edu.co\/web\/wp-json\/wp\/v2\/pages\/11502","targetHints":{"allow":["GET"]}}],"collection":[{"href":"https:\/\/colmabrija.edu.co\/web\/wp-json\/wp\/v2\/pages"}],"about":[{"href":"https:\/\/colmabrija.edu.co\/web\/wp-json\/wp\/v2\/types\/page"}],"author":[{"embeddable":true,"href":"https:\/\/colmabrija.edu.co\/web\/wp-json\/wp\/v2\/users\/1"}],"replies":[{"embeddable":true,"href":"https:\/\/colmabrija.edu.co\/web\/wp-json\/wp\/v2\/comments?post=11502"}],"version-history":[{"count":1,"href":"https:\/\/colmabrija.edu.co\/web\/wp-json\/wp\/v2\/pages\/11502\/revisions"}],"predecessor-version":[{"id":11891,"href":"https:\/\/colmabrija.edu.co\/web\/wp-json\/wp\/v2\/pages\/11502\/revisions\/11891"}],"wp:attachment":[{"href":"https:\/\/colmabrija.edu.co\/web\/wp-json\/wp\/v2\/media?parent=11502"}],"curies":[{"name":"wp","href":"https:\/\/api.w.org\/{rel}","templated":true}]}}